{"id":3310,"date":"2023-07-11T13:52:00","date_gmt":"2023-07-11T18:52:00","guid":{"rendered":"https:\/\/catei-consultores-educativos.com\/?page_id=3310"},"modified":"2025-08-11T15:49:38","modified_gmt":"2025-08-11T21:49:38","slug":"asesorias-catei","status":"publish","type":"page","link":"https:\/\/catei-consultores-educativos.com\/?page_id=3310","title":{"rendered":"Asesor\u00edas CATEI"},"content":{"rendered":"\t\t<div data-elementor-type=\"wp-page\" data-elementor-id=\"3310\" class=\"elementor elementor-3310\">\n\t\t\t\t\t\t<section class=\"has_eae_slider elementor-section elementor-top-section elementor-element elementor-element-ebc831b elementor-section-boxed elementor-section-height-default elementor-section-height-default\" data-eae-slider=\"13801\" data-id=\"ebc831b\" data-element_type=\"section\" data-e-type=\"section\" data-settings=\"{&quot;background_background&quot;:&quot;classic&quot;}\">\n\t\t\t\t\t\t<div class=\"elementor-container elementor-column-gap-default\">\n\t\t\t\t\t<div class=\"has_eae_slider elementor-column elementor-col-100 elementor-top-column elementor-element elementor-element-7d87dbf\" data-eae-slider=\"56771\" data-id=\"7d87dbf\" data-element_type=\"column\" data-e-type=\"column\">\n\t\t\t<div class=\"elementor-widget-wrap elementor-element-populated\">\n\t\t\t\t\t\t<div class=\"elementor-element elementor-element-f963a04 elementor-widget elementor-widget-video\" data-id=\"f963a04\" data-element_type=\"widget\" data-e-type=\"widget\" data-settings=\"{&quot;video_type&quot;:&quot;hosted&quot;,&quot;autoplay&quot;:&quot;yes&quot;,&quot;play_on_mobile&quot;:&quot;yes&quot;}\" data-widget_type=\"video.default\">\n\t\t\t\t<div class=\"elementor-widget-container\">\n\t\t\t\t\t\t\t<div class=\"e-hosted-video elementor-wrapper elementor-open-inline\">\n\t\t\t\t\t<video class=\"elementor-video\" src=\"https:\/\/catei-consultores-educativos.com\/wp-content\/uploads\/2025\/08\/Asesorias-oscuro.mp4\" autoplay=\"\" playsinline=\"\" controlsList=\"nodownload\"><\/video>\n\t\t\t\t<\/div>\n\t\t\t\t\t\t<\/div>\n\t\t\t\t<\/div>\n\t\t\t\t<div class=\"elementor-element elementor-element-c35f549 elementor-widget elementor-widget-text-editor\" data-id=\"c35f549\" data-element_type=\"widget\" data-e-type=\"widget\" data-widget_type=\"text-editor.default\">\n\t\t\t\t<div class=\"elementor-widget-container\">\n\t\t\t\t\t\t\t\t\t<p style=\"text-align: left;\">\u00bfNecesitas regularizaci\u00f3n? \u00bfVas a resolver una gu\u00eda, examen o clase especialmente dif\u00edciles?<\/p><p>Te apoyamos en tu preparaci\u00f3n con clases personalizadas y paquetes a tu medida.<\/p>\t\t\t\t\t\t\t\t<\/div>\n\t\t\t\t<\/div>\n\t\t\t\t<div class=\"elementor-element elementor-element-5ad9b2b elementor-widget elementor-widget-htmega-toggle-addons\" data-id=\"5ad9b2b\" data-element_type=\"widget\" data-e-type=\"widget\" data-widget_type=\"htmega-toggle-addons.default\">\n\t\t\t\t<div class=\"elementor-widget-container\">\n\t\t\t\t\t            <div class=\"htmega-toggle-area\" >\n                \n                <div class=\"htmega-toggle-content-5ad9b2b\" style=\"display: none;\">\n                    <div class=\"htmega_custom_content\"><p>NIVELES:<\/p><ul><li>Educaci\u00f3n b\u00e1sica (primaria y secundaria)<\/li><li>Materias de bachillerato (UNAM, IPN, ColBach, DGETI, IEMS, CONALEP, etc.)<\/li><\/ul><p>HORARIOS<\/p><ul><li>Lunes a s\u00e1bado<\/li><li>Horarios de las 8:00 a.m. a las 7:00 p.m.<\/li><\/ul><p>CLASE Y DOCENTES<\/p><ul><li>Docentes especialistas en su materia, con constante apoyo pedag\u00f3gico<\/li><li>Contamos con instalaciones para clases presenciales<\/li><li>Si prefieres, toma clases en l\u00ednea<\/li><li>Elige entre sesiones de 1 hora, 1 hora y media, o 2 horas<\/li><\/ul><\/div>                <\/div>\n\n                <div class=\"htmega-toggle-button\">\n                    <a href=\"#\" class=\"togglebutton-5ad9b2b normal_btn\">Leer m\u00e1s<i class=\"far fa-arrow-alt-circle-down\"><\/i><\/a><a href=\"#\" class=\"togglebutton-5ad9b2b opened_btn\">Cerrar<i class=\"far fa-arrow-alt-circle-up\"><\/i><\/a>                <\/div>\n\n            <\/div>\n\n            <script>\n                jQuery(document).ready(function($) {\n                    'use strict';\n                    $(\".togglebutton-5ad9b2b\").on('click', function(){\n                        $(\".htmega-toggle-content-5ad9b2b\").slideToggle('slow');\n                        $(this).removeAttr(\"href\");\n                        $(this).parent().toggleClass(\"open\");\n                    });\n                });\n            <\/script>\n        \t\t\t\t<\/div>\n\t\t\t\t<\/div>\n\t\t\t\t<div class=\"elementor-element elementor-element-aeabcd3 elementor-widget-divider--separator-type-pattern elementor-widget-divider--no-spacing elementor-widget-divider--view-line elementor-widget elementor-widget-divider\" data-id=\"aeabcd3\" data-element_type=\"widget\" data-e-type=\"widget\" data-widget_type=\"divider.default\">\n\t\t\t\t<div class=\"elementor-widget-container\">\n\t\t\t\t\t\t\t<div class=\"elementor-divider\" style=\"--divider-pattern-url: url(&quot;data:image\/svg+xml,%3Csvg xmlns=&#039;http:\/\/www.w3.org\/2000\/svg&#039; preserveAspectRatio=&#039;none&#039; overflow=&#039;visible&#039; height=&#039;100%&#039; viewBox=&#039;0 0 24 24&#039; fill=&#039;black&#039; stroke=&#039;none&#039;%3E%3Cpath d=&#039;M24,8v12H0V8H24z M24,4v1H0V4H24z&#039;\/%3E%3C\/svg%3E&quot;);\">\n\t\t\t<span class=\"elementor-divider-separator\">\n\t\t\t\t\t\t<\/span>\n\t\t<\/div>\n\t\t\t\t\t\t<\/div>\n\t\t\t\t<\/div>\n\t\t\t\t<div class=\"elementor-element elementor-element-80e5f79 elementor-shape-rounded elementor-grid-0 e-grid-align-center elementor-invisible elementor-widget elementor-widget-social-icons\" data-id=\"80e5f79\" data-element_type=\"widget\" data-e-type=\"widget\" data-settings=\"{&quot;_animation&quot;:&quot;swing&quot;}\" data-widget_type=\"social-icons.default\">\n\t\t\t\t<div class=\"elementor-widget-container\">\n\t\t\t\t\t\t\t<div class=\"elementor-social-icons-wrapper elementor-grid\" role=\"list\">\n\t\t\t\t\t\t\t<span class=\"elementor-grid-item\" role=\"listitem\">\n\t\t\t\t\t<a class=\"elementor-icon elementor-social-icon elementor-social-icon-instagram elementor-repeater-item-c5dfa5a\" href=\"https:\/\/www.instagram.com\/edu.catei\/\" target=\"_blank\">\n\t\t\t\t\t\t<span class=\"elementor-screen-only\">Instagram<\/span>\n\t\t\t\t\t\t<i aria-hidden=\"true\" class=\"fab fa-instagram\"><\/i>\t\t\t\t\t<\/a>\n\t\t\t\t<\/span>\n\t\t\t\t\t\t\t<span class=\"elementor-grid-item\" role=\"listitem\">\n\t\t\t\t\t<a class=\"elementor-icon elementor-social-icon elementor-social-icon-whatsapp elementor-repeater-item-1de2df6\" href=\"https:\/\/wa.me\/+5215543714293\" target=\"_blank\">\n\t\t\t\t\t\t<span class=\"elementor-screen-only\">Whatsapp<\/span>\n\t\t\t\t\t\t<i aria-hidden=\"true\" class=\"fab fa-whatsapp\"><\/i>\t\t\t\t\t<\/a>\n\t\t\t\t<\/span>\n\t\t\t\t\t\t\t<span class=\"elementor-grid-item\" role=\"listitem\">\n\t\t\t\t\t<a class=\"elementor-icon elementor-social-icon elementor-social-icon-facebook elementor-repeater-item-957581d\" href=\"https:\/\/www.facebook.com\/catei.edu\" target=\"_blank\">\n\t\t\t\t\t\t<span class=\"elementor-screen-only\">Facebook<\/span>\n\t\t\t\t\t\t<i aria-hidden=\"true\" class=\"fab fa-facebook\"><\/i>\t\t\t\t\t<\/a>\n\t\t\t\t<\/span>\n\t\t\t\t\t\t\t<span class=\"elementor-grid-item\" role=\"listitem\">\n\t\t\t\t\t<a class=\"elementor-icon elementor-social-icon elementor-social-icon-map-marked-alt elementor-repeater-item-d3d9eb6\" href=\"https:\/\/goo.gl\/maps\/c9qX7hxH2UCT5DLE6\" target=\"_blank\">\n\t\t\t\t\t\t<span class=\"elementor-screen-only\">Map-marked-alt<\/span>\n\t\t\t\t\t\t<i aria-hidden=\"true\" class=\"fas fa-map-marked-alt\"><\/i>\t\t\t\t\t<\/a>\n\t\t\t\t<\/span>\n\t\t\t\t\t<\/div>\n\t\t\t\t\t\t<\/div>\n\t\t\t\t<\/div>\n\t\t\t\t<div class=\"elementor-element elementor-element-4111fe9 elementor-widget elementor-widget-text-editor\" data-id=\"4111fe9\" data-element_type=\"widget\" data-e-type=\"widget\" data-widget_type=\"text-editor.default\">\n\t\t\t\t<div class=\"elementor-widget-container\">\n\t\t\t\t\t\t\t\t\t<p style=\"text-align: left;\">No todas las personas necesitan el mismo apoyo. As\u00ed, las ASESOR\u00cdAS que podemos ofrecerte son distintas en su organizaci\u00f3n y en su duraci\u00f3n.<\/p><p style=\"text-align: left;\">Encuentra un paquete y una forma de pago que se adapte a tus necesidades.<\/p>\t\t\t\t\t\t\t\t<\/div>\n\t\t\t\t<\/div>\n\t\t\t\t<div class=\"elementor-element elementor-element-9d440ba elementor-widget elementor-widget-htmega-toggle-addons\" data-id=\"9d440ba\" data-element_type=\"widget\" data-e-type=\"widget\" data-widget_type=\"htmega-toggle-addons.default\">\n\t\t\t\t<div class=\"elementor-widget-container\">\n\t\t\t\t\t            <div class=\"htmega-toggle-area\" >\n                \n                <div class=\"htmega-toggle-content-9d440ba\" style=\"display: none;\">\n                    <div class=\"htmega_custom_content\"><p>Los costos de nuestras ASESOR\u00cdAS cambian de acuerdo con su duraci\u00f3n, y de cu\u00e1ntas sesiones quieres tener<\/p><p>NIVEL 1 (de 1 a 4 clases):<\/p><p>Clases de 1 hora: $150<\/p><p>Clases de 1.5 horas: $225<\/p><p>Clases de 2 horas: $300<\/p><p style=\"text-align: center\">NIVEL 2 (de 5 a 9 clases)<\/p><p style=\"text-align: center\">Clases de 1 hora: $145<\/p><p style=\"text-align: center\">Clases de 1.5 horas: $215<\/p><p style=\"text-align: center\">Clases de 2 horas: $290<\/p><p style=\"text-align: right\">NIVEL 3 (a partir de 10 clases)<\/p><p style=\"text-align: right\">Clases de 1 hora: $140<\/p><p style=\"text-align: right\">Clases de 1.5 horas: $210<\/p><p style=\"text-align: right\">Clases de 2 horas: $280<\/p><p style=\"text-align: left\">*Estos precios son iguales para clases presenciales o clases en l\u00ednea<\/p><\/div>                <\/div>\n\n                <div class=\"htmega-toggle-button\">\n                    <a href=\"#\" class=\"togglebutton-9d440ba normal_btn\">Leer m\u00e1s<i class=\"far fa-arrow-alt-circle-down\"><\/i><\/a><a href=\"#\" class=\"togglebutton-9d440ba opened_btn\">Cerrar<i class=\"far fa-arrow-alt-circle-up\"><\/i><\/a>                <\/div>\n\n            <\/div>\n\n            <script>\n                jQuery(document).ready(function($) {\n                    'use strict';\n                    $(\".togglebutton-9d440ba\").on('click', function(){\n                        $(\".htmega-toggle-content-9d440ba\").slideToggle('slow');\n                        $(this).removeAttr(\"href\");\n                        $(this).parent().toggleClass(\"open\");\n                    });\n                });\n            <\/script>\n        \t\t\t\t<\/div>\n\t\t\t\t<\/div>\n\t\t\t\t<div class=\"elementor-element elementor-element-b977d16 elementor-widget elementor-widget-image\" data-id=\"b977d16\" data-element_type=\"widget\" data-e-type=\"widget\" data-widget_type=\"image.default\">\n\t\t\t\t<div class=\"elementor-widget-container\">\n\t\t\t\t\t\t\t\t\t\t\t\t\t\t\t<img fetchpriority=\"high\" decoding=\"async\" width=\"812\" height=\"457\" src=\"https:\/\/catei-consultores-educativos.com\/wp-content\/uploads\/2025\/08\/Slogan1-1024x576.png\" class=\"attachment-large size-large wp-image-3879\" alt=\"\" srcset=\"https:\/\/catei-consultores-educativos.com\/wp-content\/uploads\/2025\/08\/Slogan1-1024x576.png 1024w, https:\/\/catei-consultores-educativos.com\/wp-content\/uploads\/2025\/08\/Slogan1-300x169.png 300w, https:\/\/catei-consultores-educativos.com\/wp-content\/uploads\/2025\/08\/Slogan1-768x432.png 768w, https:\/\/catei-consultores-educativos.com\/wp-content\/uploads\/2025\/08\/Slogan1-600x338.png 600w, https:\/\/catei-consultores-educativos.com\/wp-content\/uploads\/2025\/08\/Slogan1.png 1280w\" sizes=\"(max-width: 812px) 100vw, 812px\" \/>\t\t\t\t\t\t\t\t\t\t\t\t\t\t\t<\/div>\n\t\t\t\t<\/div>\n\t\t\t\t<div class=\"elementor-element elementor-element-d04d459 elementor-shape-rounded elementor-grid-0 e-grid-align-center elementor-invisible elementor-widget elementor-widget-social-icons\" data-id=\"d04d459\" data-element_type=\"widget\" data-e-type=\"widget\" data-settings=\"{&quot;_animation&quot;:&quot;swing&quot;}\" data-widget_type=\"social-icons.default\">\n\t\t\t\t<div class=\"elementor-widget-container\">\n\t\t\t\t\t\t\t<div class=\"elementor-social-icons-wrapper elementor-grid\" role=\"list\">\n\t\t\t\t\t\t\t<span class=\"elementor-grid-item\" role=\"listitem\">\n\t\t\t\t\t<a class=\"elementor-icon elementor-social-icon elementor-social-icon-instagram elementor-repeater-item-c5dfa5a\" href=\"https:\/\/www.instagram.com\/edu.catei\/\" target=\"_blank\">\n\t\t\t\t\t\t<span class=\"elementor-screen-only\">Instagram<\/span>\n\t\t\t\t\t\t<i aria-hidden=\"true\" class=\"fab fa-instagram\"><\/i>\t\t\t\t\t<\/a>\n\t\t\t\t<\/span>\n\t\t\t\t\t\t\t<span class=\"elementor-grid-item\" role=\"listitem\">\n\t\t\t\t\t<a class=\"elementor-icon elementor-social-icon elementor-social-icon-whatsapp elementor-repeater-item-1de2df6\" href=\"https:\/\/wa.me\/+5215543714293\" target=\"_blank\">\n\t\t\t\t\t\t<span class=\"elementor-screen-only\">Whatsapp<\/span>\n\t\t\t\t\t\t<i aria-hidden=\"true\" class=\"fab fa-whatsapp\"><\/i>\t\t\t\t\t<\/a>\n\t\t\t\t<\/span>\n\t\t\t\t\t\t\t<span class=\"elementor-grid-item\" role=\"listitem\">\n\t\t\t\t\t<a class=\"elementor-icon elementor-social-icon elementor-social-icon-facebook elementor-repeater-item-957581d\" href=\"https:\/\/www.facebook.com\/catei.edu\" target=\"_blank\">\n\t\t\t\t\t\t<span class=\"elementor-screen-only\">Facebook<\/span>\n\t\t\t\t\t\t<i aria-hidden=\"true\" class=\"fab fa-facebook\"><\/i>\t\t\t\t\t<\/a>\n\t\t\t\t<\/span>\n\t\t\t\t\t\t\t<span class=\"elementor-grid-item\" role=\"listitem\">\n\t\t\t\t\t<a class=\"elementor-icon elementor-social-icon elementor-social-icon-map-marked-alt elementor-repeater-item-d3d9eb6\" href=\"https:\/\/goo.gl\/maps\/c9qX7hxH2UCT5DLE6\" target=\"_blank\">\n\t\t\t\t\t\t<span class=\"elementor-screen-only\">Map-marked-alt<\/span>\n\t\t\t\t\t\t<i aria-hidden=\"true\" class=\"fas fa-map-marked-alt\"><\/i>\t\t\t\t\t<\/a>\n\t\t\t\t<\/span>\n\t\t\t\t\t<\/div>\n\t\t\t\t\t\t<\/div>\n\t\t\t\t<\/div>\n\t\t\t\t\t<\/div>\n\t\t<\/div>\n\t\t\t\t\t<\/div>\n\t\t<\/section>\n\t\t\t\t<\/div>\n\t\t","protected":false},"excerpt":{"rendered":"<p>https:\/\/catei-consultores-educativos.com\/wp-content\/uploads\/2025\/08\/Asesorias-oscuro.mp4 \u00bfNecesitas regularizaci\u00f3n? \u00bfVas a resolver una gu\u00eda, examen o clase especialmente dif\u00edciles? Te apoyamos en tu preparaci\u00f3n con clases personalizadas y paquetes a tu medida. NIVELES: Educaci\u00f3n b\u00e1sica (primaria y secundaria) Materias de bachillerato (UNAM, IPN, ColBach, DGETI, IEMS, CONALEP, etc.) HORARIOS Lunes a s\u00e1bado Horarios de las 8:00 a.m. a las 7:00 p.m. [&hellip;]<\/p>\n","protected":false},"author":2,"featured_media":0,"parent":80,"menu_order":0,"comment_status":"open","ping_status":"closed","template":"","meta":{"zakra_page_container_layout":"customizer","zakra_page_sidebar_layout":"customizer","zakra_remove_content_margin":false,"zakra_sidebar":"customizer","zakra_transparent_header":"customizer","zakra_logo":0,"zakra_main_header_style":"default","zakra_menu_item_color":"","zakra_menu_item_hover_color":"","zakra_menu_item_active_color":"","zakra_menu_active_style":"","zakra_page_header":true,"footnotes":""},"class_list":["post-3310","page","type-page","status-publish","hentry"],"_links":{"self":[{"href":"https:\/\/catei-consultores-educativos.com\/index.php?rest_route=\/wp\/v2\/pages\/3310","targetHints":{"allow":["GET"]}}],"collection":[{"href":"https:\/\/catei-consultores-educativos.com\/index.php?rest_route=\/wp\/v2\/pages"}],"about":[{"href":"https:\/\/catei-consultores-educativos.com\/index.php?rest_route=\/wp\/v2\/types\/page"}],"author":[{"embeddable":true,"href":"https:\/\/catei-consultores-educativos.com\/index.php?rest_route=\/wp\/v2\/users\/2"}],"replies":[{"embeddable":true,"href":"https:\/\/catei-consultores-educativos.com\/index.php?rest_route=%2Fwp%2Fv2%2Fcomments&post=3310"}],"version-history":[{"count":62,"href":"https:\/\/catei-consultores-educativos.com\/index.php?rest_route=\/wp\/v2\/pages\/3310\/revisions"}],"predecessor-version":[{"id":3938,"href":"https:\/\/catei-consultores-educativos.com\/index.php?rest_route=\/wp\/v2\/pages\/3310\/revisions\/3938"}],"up":[{"embeddable":true,"href":"https:\/\/catei-consultores-educativos.com\/index.php?rest_route=\/wp\/v2\/pages\/80"}],"wp:attachment":[{"href":"https:\/\/catei-consultores-educativos.com\/index.php?rest_route=%2Fwp%2Fv2%2Fmedia&parent=3310"}],"curies":[{"name":"wp","href":"https:\/\/api.w.org\/{rel}","templated":true}]}}