{"id":3798,"date":"2025-04-03T13:25:26","date_gmt":"2025-04-03T19:25:26","guid":{"rendered":"https:\/\/catei-consultores-educativos.com\/?page_id=3798"},"modified":"2025-04-07T15:58:26","modified_gmt":"2025-04-07T21:58:26","slug":"cuadernillo-impulso","status":"publish","type":"page","link":"https:\/\/catei-consultores-educativos.com\/?page_id=3798","title":{"rendered":"Cuadernillo Impulso"},"content":{"rendered":"\t\t<div data-elementor-type=\"wp-page\" data-elementor-id=\"3798\" class=\"elementor elementor-3798\">\n\t\t\t\t\t\t<section class=\"has_eae_slider elementor-section elementor-top-section elementor-element elementor-element-97f87a5 elementor-section-boxed elementor-section-height-default elementor-section-height-default\" data-eae-slider=\"2505\" data-id=\"97f87a5\" data-element_type=\"section\" data-e-type=\"section\">\n\t\t\t\t\t\t<div class=\"elementor-container elementor-column-gap-default\">\n\t\t\t\t\t<div class=\"has_eae_slider elementor-column elementor-col-50 elementor-top-column elementor-element elementor-element-47c27ab\" data-eae-slider=\"17508\" data-id=\"47c27ab\" data-element_type=\"column\" data-e-type=\"column\">\n\t\t\t<div class=\"elementor-widget-wrap elementor-element-populated\">\n\t\t\t\t\t\t<div class=\"elementor-element elementor-element-d62a73a elementor-widget elementor-widget-heading\" data-id=\"d62a73a\" data-element_type=\"widget\" data-e-type=\"widget\" data-widget_type=\"heading.default\">\n\t\t\t\t<div class=\"elementor-widget-container\">\n\t\t\t\t\t<h2 class=\"elementor-heading-title elementor-size-default\">Cuadernillo de estudio<\/h2>\t\t\t\t<\/div>\n\t\t\t\t<\/div>\n\t\t\t\t\t<\/div>\n\t\t<\/div>\n\t\t\t\t<div class=\"has_eae_slider elementor-column elementor-col-50 elementor-top-column elementor-element elementor-element-c344a2d\" data-eae-slider=\"33132\" data-id=\"c344a2d\" data-element_type=\"column\" data-e-type=\"column\">\n\t\t\t<div class=\"elementor-widget-wrap elementor-element-populated\">\n\t\t\t\t\t\t<div class=\"elementor-element elementor-element-87288b1 elementor-widget elementor-widget-image\" data-id=\"87288b1\" data-element_type=\"widget\" data-e-type=\"widget\" data-widget_type=\"image.default\">\n\t\t\t\t<div class=\"elementor-widget-container\">\n\t\t\t\t\t\t\t\t\t\t\t\t\t\t\t<img fetchpriority=\"high\" decoding=\"async\" width=\"720\" height=\"400\" src=\"https:\/\/catei-consultores-educativos.com\/wp-content\/uploads\/2025\/04\/cuadernillo1.png\" class=\"attachment-large size-large wp-image-3801\" alt=\"\" srcset=\"https:\/\/catei-consultores-educativos.com\/wp-content\/uploads\/2025\/04\/cuadernillo1.png 720w, https:\/\/catei-consultores-educativos.com\/wp-content\/uploads\/2025\/04\/cuadernillo1-300x167.png 300w, https:\/\/catei-consultores-educativos.com\/wp-content\/uploads\/2025\/04\/cuadernillo1-600x333.png 600w\" sizes=\"(max-width: 720px) 100vw, 720px\" \/>\t\t\t\t\t\t\t\t\t\t\t\t\t\t\t<\/div>\n\t\t\t\t<\/div>\n\t\t\t\t\t<\/div>\n\t\t<\/div>\n\t\t\t\t\t<\/div>\n\t\t<\/section>\n\t\t\t\t<section class=\"has_eae_slider elementor-section elementor-top-section elementor-element elementor-element-94eb69a elementor-section-boxed elementor-section-height-default elementor-section-height-default\" data-eae-slider=\"48202\" data-id=\"94eb69a\" data-element_type=\"section\" data-e-type=\"section\">\n\t\t\t\t\t\t<div class=\"elementor-container elementor-column-gap-default\">\n\t\t\t\t\t<div class=\"has_eae_slider elementor-column elementor-col-33 elementor-top-column elementor-element elementor-element-661906c\" data-eae-slider=\"53959\" data-id=\"661906c\" data-element_type=\"column\" data-e-type=\"column\">\n\t\t\t<div class=\"elementor-widget-wrap elementor-element-populated\">\n\t\t\t\t\t\t<div class=\"elementor-element elementor-element-2f4e68f elementor-widget__width-initial e-transform e-transform elementor-widget elementor-widget-image\" data-id=\"2f4e68f\" data-element_type=\"widget\" data-e-type=\"widget\" data-settings=\"{&quot;_transform_flipX_effect&quot;:&quot;transform&quot;,&quot;_transform_flipY_effect&quot;:&quot;transform&quot;}\" data-widget_type=\"image.default\">\n\t\t\t\t<div class=\"elementor-widget-container\">\n\t\t\t\t\t\t\t\t\t\t\t\t\t\t\t<img decoding=\"async\" width=\"309\" height=\"420\" src=\"https:\/\/catei-consultores-educativos.com\/wp-content\/uploads\/2025\/04\/cuadernillo3.png\" class=\"attachment-medium_large size-medium_large wp-image-3803\" alt=\"\" srcset=\"https:\/\/catei-consultores-educativos.com\/wp-content\/uploads\/2025\/04\/cuadernillo3.png 309w, https:\/\/catei-consultores-educativos.com\/wp-content\/uploads\/2025\/04\/cuadernillo3-221x300.png 221w\" sizes=\"(max-width: 309px) 100vw, 309px\" \/>\t\t\t\t\t\t\t\t\t\t\t\t\t\t\t<\/div>\n\t\t\t\t<\/div>\n\t\t\t\t\t<\/div>\n\t\t<\/div>\n\t\t\t\t<div class=\"has_eae_slider elementor-column elementor-col-66 elementor-top-column elementor-element elementor-element-3845cf6\" data-eae-slider=\"21384\" data-id=\"3845cf6\" data-element_type=\"column\" data-e-type=\"column\">\n\t\t\t<div class=\"elementor-widget-wrap elementor-element-populated\">\n\t\t\t\t\t\t<div class=\"elementor-element elementor-element-6182c68 elementor-widget elementor-widget-text-editor\" data-id=\"6182c68\" data-element_type=\"widget\" data-e-type=\"widget\" data-widget_type=\"text-editor.default\">\n\t\t\t\t<div class=\"elementor-widget-container\">\n\t\t\t\t\t\t\t\t\t<p>En\u00a0<em>CATEI Consultores Educativos<\/em> queremos que crezcas como estudiante y como persona. En este intento, ponemos a tu disposici\u00f3n un cuadernillo de estudio en la preparaci\u00f3n para el ingreso al bachillerato.\u00a0<\/p><p>Esta herramienta de estudio tiene dos objetivos:<\/p><ol><li>Practicar preguntas de opci\u00f3n m\u00faltiple, para los ex\u00e1menes de asignaci\u00f3n<\/li><li>Repasar los temas m\u00e1s importantes de secundaria, para facilitar tu vuelo en cualquier escuela<\/li><\/ol>\t\t\t\t\t\t\t\t<\/div>\n\t\t\t\t<\/div>\n\t\t\t\t\t<\/div>\n\t\t<\/div>\n\t\t\t\t\t<\/div>\n\t\t<\/section>\n\t\t\t\t<section class=\"has_eae_slider elementor-section elementor-top-section elementor-element elementor-element-46877c5 elementor-section-boxed elementor-section-height-default elementor-section-height-default\" data-eae-slider=\"57125\" data-id=\"46877c5\" data-element_type=\"section\" data-e-type=\"section\">\n\t\t\t\t\t\t<div class=\"elementor-container elementor-column-gap-default\">\n\t\t\t\t\t<div class=\"has_eae_slider elementor-column elementor-col-33 elementor-top-column elementor-element elementor-element-8e8a89e\" data-eae-slider=\"26751\" data-id=\"8e8a89e\" data-element_type=\"column\" data-e-type=\"column\">\n\t\t\t<div class=\"elementor-widget-wrap elementor-element-populated\">\n\t\t\t\t\t\t<div class=\"elementor-element elementor-element-6f375cc elementor-widget elementor-widget-text-editor\" data-id=\"6f375cc\" data-element_type=\"widget\" data-e-type=\"widget\" data-widget_type=\"text-editor.default\">\n\t\t\t\t<div class=\"elementor-widget-container\">\n\t\t\t\t\t\t\t\t\t<p style=\"text-align: center;\">Ex\u00e1menes de Materias<\/p>\t\t\t\t\t\t\t\t<\/div>\n\t\t\t\t<\/div>\n\t\t\t\t<div class=\"elementor-element elementor-element-a02f5c3 elementor-widget elementor-widget-text-editor\" data-id=\"a02f5c3\" data-element_type=\"widget\" data-e-type=\"widget\" data-widget_type=\"text-editor.default\">\n\t\t\t\t<div class=\"elementor-widget-container\">\n\t\t\t\t\t\t\t\t\t<p>Los enlaces a continuaci\u00f3n te permiten resolver pruebas de opci\u00f3n m\u00faltiple. Cada prueba se corresponde con los ejercicios de tu cuadernillo, y para resolverlos, necesitas una <strong>contrase\u00f1a<\/strong> que se encuentra al final de cada secci\u00f3n del cuadernillo.<\/p><p>Primero, resuelve la prueba, para medir tu velocidad, tu cansancio, y tu resistencia al estr\u00e9s. Al terminar la prueba, solicita tus resultados por cualquiera de nuestras redes, para saber los temas de cada materia que te conviene repasar.<\/p><p>Si no se te ocurre c\u00f3mo repasar, responde los ejercicios de repaso que vienen en el cuadernillo, y sigue leyendo para conocer algunas estrategias de estudio.<\/p>\t\t\t\t\t\t\t\t<\/div>\n\t\t\t\t<\/div>\n\t\t\t\t<div class=\"elementor-element elementor-element-06b73dc elementor-shape-rounded elementor-grid-0 e-grid-align-center elementor-invisible elementor-widget elementor-widget-social-icons\" data-id=\"06b73dc\" data-element_type=\"widget\" data-e-type=\"widget\" data-settings=\"{&quot;_animation&quot;:&quot;swing&quot;}\" data-widget_type=\"social-icons.default\">\n\t\t\t\t<div class=\"elementor-widget-container\">\n\t\t\t\t\t\t\t<div class=\"elementor-social-icons-wrapper elementor-grid\" role=\"list\">\n\t\t\t\t\t\t\t<span class=\"elementor-grid-item\" role=\"listitem\">\n\t\t\t\t\t<a class=\"elementor-icon elementor-social-icon elementor-social-icon-instagram elementor-repeater-item-c5dfa5a\" href=\"https:\/\/www.instagram.com\/edu.catei\/\" target=\"_blank\">\n\t\t\t\t\t\t<span class=\"elementor-screen-only\">Instagram<\/span>\n\t\t\t\t\t\t<i aria-hidden=\"true\" class=\"fab fa-instagram\"><\/i>\t\t\t\t\t<\/a>\n\t\t\t\t<\/span>\n\t\t\t\t\t\t\t<span class=\"elementor-grid-item\" role=\"listitem\">\n\t\t\t\t\t<a class=\"elementor-icon elementor-social-icon elementor-social-icon-whatsapp elementor-repeater-item-1de2df6\" href=\"https:\/\/wa.me\/+5215543714293\" target=\"_blank\">\n\t\t\t\t\t\t<span class=\"elementor-screen-only\">Whatsapp<\/span>\n\t\t\t\t\t\t<i aria-hidden=\"true\" class=\"fab fa-whatsapp\"><\/i>\t\t\t\t\t<\/a>\n\t\t\t\t<\/span>\n\t\t\t\t\t\t\t<span class=\"elementor-grid-item\" role=\"listitem\">\n\t\t\t\t\t<a class=\"elementor-icon elementor-social-icon elementor-social-icon-facebook elementor-repeater-item-957581d\" href=\"https:\/\/www.facebook.com\/catei.edu\" target=\"_blank\">\n\t\t\t\t\t\t<span class=\"elementor-screen-only\">Facebook<\/span>\n\t\t\t\t\t\t<i aria-hidden=\"true\" class=\"fab fa-facebook\"><\/i>\t\t\t\t\t<\/a>\n\t\t\t\t<\/span>\n\t\t\t\t\t\t\t<span class=\"elementor-grid-item\" role=\"listitem\">\n\t\t\t\t\t<a class=\"elementor-icon elementor-social-icon elementor-social-icon-map-marked-alt elementor-repeater-item-d3d9eb6\" href=\"https:\/\/goo.gl\/maps\/c9qX7hxH2UCT5DLE6\" target=\"_blank\">\n\t\t\t\t\t\t<span class=\"elementor-screen-only\">Map-marked-alt<\/span>\n\t\t\t\t\t\t<i aria-hidden=\"true\" class=\"fas fa-map-marked-alt\"><\/i>\t\t\t\t\t<\/a>\n\t\t\t\t<\/span>\n\t\t\t\t\t<\/div>\n\t\t\t\t\t\t<\/div>\n\t\t\t\t<\/div>\n\t\t\t\t\t<\/div>\n\t\t<\/div>\n\t\t\t\t<div class=\"has_eae_slider elementor-column elementor-col-33 elementor-top-column elementor-element elementor-element-fb48d1b\" data-eae-slider=\"49040\" data-id=\"fb48d1b\" data-element_type=\"column\" data-e-type=\"column\">\n\t\t\t<div class=\"elementor-widget-wrap elementor-element-populated\">\n\t\t\t\t\t\t<div class=\"elementor-element elementor-element-54a2f11 elementor-widget__width-initial e-transform e-transform elementor-widget elementor-widget-image\" data-id=\"54a2f11\" data-element_type=\"widget\" data-e-type=\"widget\" data-settings=\"{&quot;_transform_flipX_effect&quot;:&quot;transform&quot;,&quot;_transform_flipY_effect&quot;:&quot;transform&quot;}\" data-widget_type=\"image.default\">\n\t\t\t\t<div class=\"elementor-widget-container\">\n\t\t\t\t\t\t\t\t\t\t\t\t\t\t\t<img decoding=\"async\" width=\"51\" height=\"516\" src=\"https:\/\/catei-consultores-educativos.com\/wp-content\/uploads\/2025\/04\/cuadernillo2.png\" class=\"attachment-large size-large wp-image-3802\" alt=\"\" \/>\t\t\t\t\t\t\t\t\t\t\t\t\t\t\t<\/div>\n\t\t\t\t<\/div>\n\t\t\t\t\t<\/div>\n\t\t<\/div>\n\t\t\t\t<div class=\"has_eae_slider elementor-column elementor-col-33 elementor-top-column elementor-element elementor-element-253efcd\" data-eae-slider=\"64964\" data-id=\"253efcd\" data-element_type=\"column\" data-e-type=\"column\">\n\t\t\t<div class=\"elementor-widget-wrap elementor-element-populated\">\n\t\t\t\t\t\t<div class=\"elementor-element elementor-element-687d10a elementor-widget elementor-widget-eael-creative-button\" data-id=\"687d10a\" data-element_type=\"widget\" data-e-type=\"widget\" data-widget_type=\"eael-creative-button.default\">\n\t\t\t\t<div class=\"elementor-widget-container\">\n\t\t\t\t\t        <div class=\"eael-creative-button-wrapper\">\n\n            <a class=\"eael-creative-button eael-creative-button--rayen eael-cb-icon-position-left\" href=\"https:\/\/www.zipgrade.com\/s\/\" data-text=\"Ingresa aqu\u00ed\">\n            \t    \n                <div class=\"creative-button-inner\">\n\n                                            <span class=\"eael-creative-button-icon-left\"><i aria-hidden=\"true\" class=\"fas fa-university\"><\/i><\/span>                    \n                    <span class=\"cretive-button-text\">Historia<\/span>\n\n                                    <\/div>\n\t                        <\/a>\n        <\/div>\n        \t\t\t\t<\/div>\n\t\t\t\t<\/div>\n\t\t<!-- dce invisible element 4ac1fd6 -->\t\t<div class=\"elementor-element elementor-element-6656e70 elementor-widget elementor-widget-eael-creative-button\" data-id=\"6656e70\" data-element_type=\"widget\" data-e-type=\"widget\" data-widget_type=\"eael-creative-button.default\">\n\t\t\t\t<div class=\"elementor-widget-container\">\n\t\t\t\t\t        <div class=\"eael-creative-button-wrapper\">\n\n            <a class=\"eael-creative-button eael-creative-button--rayen eael-cb-icon-position-left\" href=\"https:\/\/www.zipgrade.com\/s\/\" data-text=\"Ingresa aqu\u00ed\">\n            \t    \n                <div class=\"creative-button-inner\">\n\n                                            <span class=\"eael-creative-button-icon-left\"><i aria-hidden=\"true\" class=\"fas fa-balance-scale\"><\/i><\/span>                    \n                    <span class=\"cretive-button-text\">C\u00edvica<\/span>\n\n                                    <\/div>\n\t                        <\/a>\n        <\/div>\n        \t\t\t\t<\/div>\n\t\t\t\t<\/div>\n\t\t<!-- dce invisible element 4d863f2 -->\t\t<div class=\"elementor-element elementor-element-c8eb0fc elementor-widget elementor-widget-eael-creative-button\" data-id=\"c8eb0fc\" data-element_type=\"widget\" data-e-type=\"widget\" data-widget_type=\"eael-creative-button.default\">\n\t\t\t\t<div class=\"elementor-widget-container\">\n\t\t\t\t\t        <div class=\"eael-creative-button-wrapper\">\n\n            <a class=\"eael-creative-button eael-creative-button--rayen eael-cb-icon-position-left\" href=\"https:\/\/www.zipgrade.com\/s\/\" data-text=\"Ingresa aqu\u00ed\">\n            \t    \n                <div class=\"creative-button-inner\">\n\n                                            <span class=\"eael-creative-button-icon-left\"><i aria-hidden=\"true\" class=\"fas fa-map-marked-alt\"><\/i><\/span>                    \n                    <span class=\"cretive-button-text\">Geograf\u00eda<\/span>\n\n                                    <\/div>\n\t                        <\/a>\n        <\/div>\n        \t\t\t\t<\/div>\n\t\t\t\t<\/div>\n\t\t<!-- dce invisible element 0237a73 -->\t\t<div class=\"elementor-element elementor-element-e9e44c2 elementor-widget elementor-widget-eael-creative-button\" data-id=\"e9e44c2\" data-element_type=\"widget\" data-e-type=\"widget\" data-widget_type=\"eael-creative-button.default\">\n\t\t\t\t<div class=\"elementor-widget-container\">\n\t\t\t\t\t        <div class=\"eael-creative-button-wrapper\">\n\n            <a class=\"eael-creative-button eael-creative-button--rayen eael-cb-icon-position-left\" href=\"https:\/\/www.zipgrade.com\/s\/\" data-text=\"Ingresa aqu\u00ed\">\n            \t    \n                <div class=\"creative-button-inner\">\n\n                                            <span class=\"eael-creative-button-icon-left\"><i aria-hidden=\"true\" class=\"fas fa-leaf\"><\/i><\/span>                    \n                    <span class=\"cretive-button-text\">Biolog\u00eda<\/span>\n\n                                    <\/div>\n\t                        <\/a>\n        <\/div>\n        \t\t\t\t<\/div>\n\t\t\t\t<\/div>\n\t\t<!-- dce invisible element 5770e36 -->\t\t<div class=\"elementor-element elementor-element-6711f2a elementor-widget elementor-widget-eael-creative-button\" data-id=\"6711f2a\" data-element_type=\"widget\" data-e-type=\"widget\" data-widget_type=\"eael-creative-button.default\">\n\t\t\t\t<div class=\"elementor-widget-container\">\n\t\t\t\t\t        <div class=\"eael-creative-button-wrapper\">\n\n            <a class=\"eael-creative-button eael-creative-button--rayen eael-cb-icon-position-left\" href=\"https:\/\/www.zipgrade.com\/s\/\" data-text=\"Ingresa aqu\u00ed\">\n            \t    \n                <div class=\"creative-button-inner\">\n\n                                            <span class=\"eael-creative-button-icon-left\"><i aria-hidden=\"true\" class=\"fab fa-react\"><\/i><\/span>                    \n                    <span class=\"cretive-button-text\">F\u00edsica<\/span>\n\n                                    <\/div>\n\t                        <\/a>\n        <\/div>\n        \t\t\t\t<\/div>\n\t\t\t\t<\/div>\n\t\t<!-- dce invisible element 121ee7c -->\t\t<div class=\"elementor-element elementor-element-decc3f0 elementor-widget elementor-widget-eael-creative-button\" data-id=\"decc3f0\" data-element_type=\"widget\" data-e-type=\"widget\" data-widget_type=\"eael-creative-button.default\">\n\t\t\t\t<div class=\"elementor-widget-container\">\n\t\t\t\t\t        <div class=\"eael-creative-button-wrapper\">\n\n            <a class=\"eael-creative-button eael-creative-button--rayen eael-cb-icon-position-left\" href=\"https:\/\/www.zipgrade.com\/s\/64TVWgk\/\" data-text=\"Ingresa aqu\u00ed\">\n            \t    \n                <div class=\"creative-button-inner\">\n\n                                            <span class=\"eael-creative-button-icon-left\"><i aria-hidden=\"true\" class=\"fas fa-flask\"><\/i><\/span>                    \n                    <span class=\"cretive-button-text\">Qu\u00edmica<\/span>\n\n                                    <\/div>\n\t                        <\/a>\n        <\/div>\n        \t\t\t\t<\/div>\n\t\t\t\t<\/div>\n\t\t<!-- dce invisible element b59ad34 -->\t\t<div class=\"elementor-element elementor-element-d07686d elementor-widget elementor-widget-eael-creative-button\" data-id=\"d07686d\" data-element_type=\"widget\" data-e-type=\"widget\" data-widget_type=\"eael-creative-button.default\">\n\t\t\t\t<div class=\"elementor-widget-container\">\n\t\t\t\t\t        <div class=\"eael-creative-button-wrapper\">\n\n            <a class=\"eael-creative-button eael-creative-button--rayen eael-cb-icon-position-left\" href=\"https:\/\/www.zipgrade.com\/s\/\" data-text=\"Ingresa aqu\u00ed\">\n            \t    \n                <div class=\"creative-button-inner\">\n\n                                            <span class=\"eael-creative-button-icon-left\"><i aria-hidden=\"true\" class=\"fas fa-book\"><\/i><\/span>                    \n                    <span class=\"cretive-button-text\">Espa\u00f1ol<\/span>\n\n                                    <\/div>\n\t                        <\/a>\n        <\/div>\n        \t\t\t\t<\/div>\n\t\t\t\t<\/div>\n\t\t<!-- dce invisible element 7fd1beb -->\t\t<div class=\"elementor-element elementor-element-7a1f420 elementor-widget elementor-widget-eael-creative-button\" data-id=\"7a1f420\" data-element_type=\"widget\" data-e-type=\"widget\" data-widget_type=\"eael-creative-button.default\">\n\t\t\t\t<div class=\"elementor-widget-container\">\n\t\t\t\t\t        <div class=\"eael-creative-button-wrapper\">\n\n            <a class=\"eael-creative-button eael-creative-button--rayen eael-cb-icon-position-left\" href=\"https:\/\/www.zipgrade.com\/s\/\" data-text=\"Ingresa aqu\u00ed\">\n            \t    \n                <div class=\"creative-button-inner\">\n\n                                            <span class=\"eael-creative-button-icon-left\"><i aria-hidden=\"true\" class=\"fas fa-sort-alpha-up-alt\"><\/i><\/span>                    \n                    <span class=\"cretive-button-text\">Hab. Verbal<\/span>\n\n                                    <\/div>\n\t                        <\/a>\n        <\/div>\n        \t\t\t\t<\/div>\n\t\t\t\t<\/div>\n\t\t<!-- dce invisible element ad1db31 -->\t\t<div class=\"elementor-element elementor-element-8f042d3 elementor-widget elementor-widget-eael-creative-button\" data-id=\"8f042d3\" data-element_type=\"widget\" data-e-type=\"widget\" data-widget_type=\"eael-creative-button.default\">\n\t\t\t\t<div class=\"elementor-widget-container\">\n\t\t\t\t\t        <div class=\"eael-creative-button-wrapper\">\n\n            <a class=\"eael-creative-button eael-creative-button--rayen eael-cb-icon-position-left\" href=\"https:\/\/www.zipgrade.com\/s\/\" data-text=\"Ingresa aqu\u00ed\">\n            \t    \n                <div class=\"creative-button-inner\">\n\n                                            <span class=\"eael-creative-button-icon-left\"><i aria-hidden=\"true\" class=\"fas fa-square-root-alt\"><\/i><\/span>                    \n                    <span class=\"cretive-button-text\">Matem\u00e1ticas<\/span>\n\n                                    <\/div>\n\t                        <\/a>\n        <\/div>\n        \t\t\t\t<\/div>\n\t\t\t\t<\/div>\n\t\t<!-- dce invisible element 7197482 -->\t\t<div class=\"elementor-element elementor-element-7f1e353 elementor-widget elementor-widget-eael-creative-button\" data-id=\"7f1e353\" data-element_type=\"widget\" data-e-type=\"widget\" data-widget_type=\"eael-creative-button.default\">\n\t\t\t\t<div class=\"elementor-widget-container\">\n\t\t\t\t\t        <div class=\"eael-creative-button-wrapper\">\n\n            <a class=\"eael-creative-button eael-creative-button--rayen eael-cb-icon-position-left\" href=\"https:\/\/www.zipgrade.com\/s\/\" data-text=\"Ingresa aqu\u00ed\">\n            \t    \n                <div class=\"creative-button-inner\">\n\n                                            <span class=\"eael-creative-button-icon-left\"><i aria-hidden=\"true\" class=\"fab fa-flipboard\"><\/i><\/span>                    \n                    <span class=\"cretive-button-text\">Hab. Mat.<\/span>\n\n                                    <\/div>\n\t                        <\/a>\n        <\/div>\n        \t\t\t\t<\/div>\n\t\t\t\t<\/div>\n\t\t<!-- dce invisible element 928f5ee -->\t\t\t<\/div>\n\t\t<\/div>\n\t\t\t\t\t<\/div>\n\t\t<\/section>\n\t\t\t\t<section class=\"has_eae_slider elementor-section elementor-top-section elementor-element elementor-element-d02fecd elementor-section-boxed elementor-section-height-default elementor-section-height-default\" data-eae-slider=\"66984\" data-id=\"d02fecd\" data-element_type=\"section\" data-e-type=\"section\">\n\t\t\t\t\t\t<div class=\"elementor-container elementor-column-gap-default\">\n\t\t\t\t\t<div class=\"has_eae_slider elementor-column elementor-col-100 elementor-top-column elementor-element elementor-element-51167dc\" data-eae-slider=\"40668\" data-id=\"51167dc\" data-element_type=\"column\" data-e-type=\"column\">\n\t\t\t<div class=\"elementor-widget-wrap elementor-element-populated\">\n\t\t\t\t\t\t<div class=\"elementor-element elementor-element-6f329aa elementor-widget__width-initial elementor-hidden-mobile elementor-widget elementor-widget-image\" data-id=\"6f329aa\" data-element_type=\"widget\" data-e-type=\"widget\" data-widget_type=\"image.default\">\n\t\t\t\t<div class=\"elementor-widget-container\">\n\t\t\t\t\t\t\t\t\t\t\t\t\t\t\t<img loading=\"lazy\" decoding=\"async\" width=\"768\" height=\"876\" src=\"https:\/\/catei-consultores-educativos.com\/wp-content\/uploads\/2024\/10\/nave-y-sol-768x876.png\" class=\"attachment-medium_large size-medium_large wp-image-3548\" alt=\"\" srcset=\"https:\/\/catei-consultores-educativos.com\/wp-content\/uploads\/2024\/10\/nave-y-sol-768x876.png 768w, https:\/\/catei-consultores-educativos.com\/wp-content\/uploads\/2024\/10\/nave-y-sol-263x300.png 263w, https:\/\/catei-consultores-educativos.com\/wp-content\/uploads\/2024\/10\/nave-y-sol-898x1024.png 898w, https:\/\/catei-consultores-educativos.com\/wp-content\/uploads\/2024\/10\/nave-y-sol-600x684.png 600w, https:\/\/catei-consultores-educativos.com\/wp-content\/uploads\/2024\/10\/nave-y-sol.png 919w\" sizes=\"(max-width: 768px) 100vw, 768px\" \/>\t\t\t\t\t\t\t\t\t\t\t\t\t\t\t<\/div>\n\t\t\t\t<\/div>\n\t\t\t\t\t<\/div>\n\t\t<\/div>\n\t\t\t\t\t<\/div>\n\t\t<\/section>\n\t\t\t\t<\/div>\n\t\t","protected":false},"excerpt":{"rendered":"<p>Cuadernillo de estudio En\u00a0CATEI Consultores Educativos queremos que crezcas como estudiante y como persona. En este intento, ponemos a tu disposici\u00f3n un cuadernillo de estudio en la preparaci\u00f3n para el ingreso al bachillerato.\u00a0 Esta herramienta de estudio tiene dos objetivos: Practicar preguntas de opci\u00f3n m\u00faltiple, para los ex\u00e1menes de asignaci\u00f3n Repasar los temas m\u00e1s importantes [&hellip;]<\/p>\n","protected":false},"author":2,"featured_media":0,"parent":100,"menu_order":0,"comment_status":"closed","ping_status":"closed","template":"","meta":{"zakra_page_container_layout":"customizer","zakra_page_sidebar_layout":"customizer","zakra_remove_content_margin":false,"zakra_sidebar":"customizer","zakra_transparent_header":"customizer","zakra_logo":0,"zakra_main_header_style":"default","zakra_menu_item_color":"","zakra_menu_item_hover_color":"","zakra_menu_item_active_color":"","zakra_menu_active_style":"","zakra_page_header":true,"footnotes":""},"class_list":["post-3798","page","type-page","status-publish","hentry"],"_links":{"self":[{"href":"https:\/\/catei-consultores-educativos.com\/index.php?rest_route=\/wp\/v2\/pages\/3798","targetHints":{"allow":["GET"]}}],"collection":[{"href":"https:\/\/catei-consultores-educativos.com\/index.php?rest_route=\/wp\/v2\/pages"}],"about":[{"href":"https:\/\/catei-consultores-educativos.com\/index.php?rest_route=\/wp\/v2\/types\/page"}],"author":[{"embeddable":true,"href":"https:\/\/catei-consultores-educativos.com\/index.php?rest_route=\/wp\/v2\/users\/2"}],"replies":[{"embeddable":true,"href":"https:\/\/catei-consultores-educativos.com\/index.php?rest_route=%2Fwp%2Fv2%2Fcomments&post=3798"}],"version-history":[{"count":26,"href":"https:\/\/catei-consultores-educativos.com\/index.php?rest_route=\/wp\/v2\/pages\/3798\/revisions"}],"predecessor-version":[{"id":3832,"href":"https:\/\/catei-consultores-educativos.com\/index.php?rest_route=\/wp\/v2\/pages\/3798\/revisions\/3832"}],"up":[{"embeddable":true,"href":"https:\/\/catei-consultores-educativos.com\/index.php?rest_route=\/wp\/v2\/pages\/100"}],"wp:attachment":[{"href":"https:\/\/catei-consultores-educativos.com\/index.php?rest_route=%2Fwp%2Fv2%2Fmedia&parent=3798"}],"curies":[{"name":"wp","href":"https:\/\/api.w.org\/{rel}","templated":true}]}}