{"id":612,"date":"2020-10-26T12:17:18","date_gmt":"2020-10-26T18:17:18","guid":{"rendered":"http:\/\/catei-consultores-educativos.com\/?page_id=612"},"modified":"2025-02-11T11:51:41","modified_gmt":"2025-02-11T17:51:41","slug":"examen-diagnostico-general","status":"publish","type":"page","link":"https:\/\/catei-consultores-educativos.com\/?page_id=612","title":{"rendered":"Diagn\u00f3stico"},"content":{"rendered":"\t\t<div data-elementor-type=\"wp-page\" data-elementor-id=\"612\" class=\"elementor elementor-612\">\n\t\t\t\t\t\t<section class=\"has_eae_slider elementor-section elementor-top-section elementor-element elementor-element-4ef75e1 elementor-section-boxed elementor-section-height-default elementor-section-height-default\" data-eae-slider=\"97113\" data-id=\"4ef75e1\" data-element_type=\"section\" data-e-type=\"section\">\n\t\t\t\t\t\t<div class=\"elementor-container elementor-column-gap-default\">\n\t\t\t\t\t<div class=\"has_eae_slider elementor-column elementor-col-33 elementor-top-column elementor-element elementor-element-952bcbb\" data-eae-slider=\"96586\" data-id=\"952bcbb\" data-element_type=\"column\" data-e-type=\"column\">\n\t\t\t<div class=\"elementor-widget-wrap elementor-element-populated\">\n\t\t\t\t\t\t<div class=\"elementor-element elementor-element-d0c26a1 elementor-invisible elementor-widget elementor-widget-image\" data-id=\"d0c26a1\" data-element_type=\"widget\" data-e-type=\"widget\" data-settings=\"{&quot;_animation&quot;:&quot;rotateInDownRight&quot;}\" data-widget_type=\"image.default\">\n\t\t\t\t<div class=\"elementor-widget-container\">\n\t\t\t\t\t\t\t\t\t\t\t\t\t\t\t<img fetchpriority=\"high\" decoding=\"async\" width=\"300\" height=\"300\" src=\"https:\/\/catei-consultores-educativos.com\/wp-content\/uploads\/2020\/12\/geom02-300x300.png\" class=\"attachment-medium size-medium wp-image-1024\" alt=\"\" srcset=\"https:\/\/catei-consultores-educativos.com\/wp-content\/uploads\/2020\/12\/geom02-300x300.png 300w, https:\/\/catei-consultores-educativos.com\/wp-content\/uploads\/2020\/12\/geom02-150x150.png 150w, https:\/\/catei-consultores-educativos.com\/wp-content\/uploads\/2020\/12\/geom02-100x100.png 100w, https:\/\/catei-consultores-educativos.com\/wp-content\/uploads\/2020\/12\/geom02.png 583w\" sizes=\"(max-width: 300px) 100vw, 300px\" \/>\t\t\t\t\t\t\t\t\t\t\t\t\t\t\t<\/div>\n\t\t\t\t<\/div>\n\t\t\t\t\t<\/div>\n\t\t<\/div>\n\t\t\t\t<div class=\"has_eae_slider elementor-column elementor-col-33 elementor-top-column elementor-element elementor-element-52dfba2\" data-eae-slider=\"7288\" data-id=\"52dfba2\" data-element_type=\"column\" data-e-type=\"column\">\n\t\t\t<div class=\"elementor-widget-wrap elementor-element-populated\">\n\t\t\t\t\t\t<div class=\"elementor-element elementor-element-dfa6300 elementor-widget elementor-widget-heading\" data-id=\"dfa6300\" data-element_type=\"widget\" data-e-type=\"widget\" data-widget_type=\"heading.default\">\n\t\t\t\t<div class=\"elementor-widget-container\">\n\t\t\t\t\t<h2 class=\"elementor-heading-title elementor-size-default\">Examen Diagn\u00f3stico<\/h2>\t\t\t\t<\/div>\n\t\t\t\t<\/div>\n\t\t\t\t\t<\/div>\n\t\t<\/div>\n\t\t\t\t<div class=\"has_eae_slider elementor-column elementor-col-33 elementor-top-column elementor-element elementor-element-d82a17c\" data-eae-slider=\"25918\" data-id=\"d82a17c\" data-element_type=\"column\" data-e-type=\"column\">\n\t\t\t<div class=\"elementor-widget-wrap elementor-element-populated\">\n\t\t\t\t\t\t<div class=\"elementor-element elementor-element-b8f4c61 elementor-invisible elementor-widget elementor-widget-image\" data-id=\"b8f4c61\" data-element_type=\"widget\" data-e-type=\"widget\" data-settings=\"{&quot;_animation&quot;:&quot;rotateInUpRight&quot;}\" data-widget_type=\"image.default\">\n\t\t\t\t<div class=\"elementor-widget-container\">\n\t\t\t\t\t\t\t\t\t\t\t\t\t\t\t<img decoding=\"async\" width=\"300\" height=\"300\" src=\"https:\/\/catei-consultores-educativos.com\/wp-content\/uploads\/2020\/12\/geom03-300x300.png\" class=\"attachment-medium size-medium wp-image-1025\" alt=\"\" srcset=\"https:\/\/catei-consultores-educativos.com\/wp-content\/uploads\/2020\/12\/geom03-300x300.png 300w, https:\/\/catei-consultores-educativos.com\/wp-content\/uploads\/2020\/12\/geom03-150x150.png 150w, https:\/\/catei-consultores-educativos.com\/wp-content\/uploads\/2020\/12\/geom03-100x100.png 100w, https:\/\/catei-consultores-educativos.com\/wp-content\/uploads\/2020\/12\/geom03.png 530w\" sizes=\"(max-width: 300px) 100vw, 300px\" \/>\t\t\t\t\t\t\t\t\t\t\t\t\t\t\t<\/div>\n\t\t\t\t<\/div>\n\t\t\t\t\t<\/div>\n\t\t<\/div>\n\t\t\t\t\t<\/div>\n\t\t<\/section>\n\t\t\t\t<section class=\"has_eae_slider elementor-section elementor-top-section elementor-element elementor-element-4ddd3ae elementor-section-boxed elementor-section-height-default elementor-section-height-default\" data-eae-slider=\"15139\" data-id=\"4ddd3ae\" data-element_type=\"section\" data-e-type=\"section\">\n\t\t\t\t\t\t<div class=\"elementor-container elementor-column-gap-default\">\n\t\t\t\t\t<div class=\"has_eae_slider elementor-column elementor-col-100 elementor-top-column elementor-element elementor-element-9949983\" data-eae-slider=\"55042\" data-id=\"9949983\" data-element_type=\"column\" data-e-type=\"column\">\n\t\t\t<div class=\"elementor-widget-wrap elementor-element-populated\">\n\t\t\t\t\t\t<div class=\"elementor-element elementor-element-592c2a9 elementor-widget elementor-widget-text-editor\" data-id=\"592c2a9\" data-element_type=\"widget\" data-e-type=\"widget\" data-widget_type=\"text-editor.default\">\n\t\t\t\t<div class=\"elementor-widget-container\">\n\t\t\t\t\t\t\t\t\t<h3>Todas las preguntas que vienen aqu\u00ed son de temas que corresponden a 1\u00b0 y 2\u00b0 de secundaria.<\/h3><h3>El Examen Diagn\u00f3stico consta de 7 materias, 70 preguntas y se responde en 2 horas m\u00e1ximo.<\/h3><h3>Esta prueba es m\u00e1s corta que el examen de asignaci\u00f3n COMIPEMS (128 preguntas, 3 horas m\u00e1ximo), porque este Examen Diagn\u00f3stico es para empezar a entrenar.\u00a0<\/h3><h3>\u00a1Adelante!<\/h3>\t\t\t\t\t\t\t\t<\/div>\n\t\t\t\t<\/div>\n\t\t\t\t<div class=\"elementor-element elementor-element-8fae453 elementor-hidden-phone elementor-widget-divider--separator-type-pattern elementor-widget-divider--no-spacing elementor-widget-divider--view-line elementor-widget elementor-widget-divider\" data-id=\"8fae453\" data-element_type=\"widget\" data-e-type=\"widget\" data-widget_type=\"divider.default\">\n\t\t\t\t<div class=\"elementor-widget-container\">\n\t\t\t\t\t\t\t<div class=\"elementor-divider\" style=\"--divider-pattern-url: url(&quot;data:image\/svg+xml,%3Csvg xmlns=&#039;http:\/\/www.w3.org\/2000\/svg&#039; preserveAspectRatio=&#039;xMidYMid meet&#039; overflow=&#039;visible&#039; height=&#039;100%&#039; viewBox=&#039;0 0 126 26&#039; fill=&#039;black&#039; stroke=&#039;none&#039;%3E%3Cpath d=&#039;M3,10.2c2.6,0,2.6,2,2.6,3.2S4.4,16.5,3,16.5s-3-1.4-3-3.2S0.4,10.2,3,10.2z M18.8,10.2c1.7,0,3.2,1.4,3.2,3.2s-1.4,3.2-3.2,3.2c-1.7,0-3.2-1.4-3.2-3.2S17,10.2,18.8,10.2z M34.6,10.2c1.5,0,2.6,1.4,2.6,3.2s-0.5,3.2-1.9,3.2c-1.5,0-3.4-1.4-3.4-3.2S33.1,10.2,34.6,10.2z M50.5,10.2c1.7,0,3.2,1.4,3.2,3.2s-1.4,3.2-3.2,3.2c-1.7,0-3.3-0.9-3.3-2.6S48.7,10.2,50.5,10.2z M66.2,10.2c1.5,0,3.4,1.4,3.4,3.2s-1.9,3.2-3.4,3.2c-1.5,0-2.6-0.4-2.6-2.1S64.8,10.2,66.2,10.2z M82.2,10.2c1.7,0.8,2.6,1.4,2.6,3.2s-0.1,3.2-1.6,3.2c-1.5,0-3.7-1.4-3.7-3.2S80.5,9.4,82.2,10.2zM98.6,10.2c1.5,0,2.6,0.4,2.6,2.1s-1.2,4.2-2.6,4.2c-1.5,0-3.7-0.4-3.7-2.1S97.1,10.2,98.6,10.2z M113.4,10.2c1.2,0,2.2,0.9,2.2,3.2s-0.1,3.2-1.3,3.2s-3.1-1.4-3.1-3.2S112.2,10.2,113.4,10.2z&#039;\/%3E%3C\/svg%3E&quot;);\">\n\t\t\t<span class=\"elementor-divider-separator\">\n\t\t\t\t\t\t<\/span>\n\t\t<\/div>\n\t\t\t\t\t\t<\/div>\n\t\t\t\t<\/div>\n\t\t\t\t\t<\/div>\n\t\t<\/div>\n\t\t\t\t\t<\/div>\n\t\t<\/section>\n\t\t\t\t<section class=\"has_eae_slider elementor-section elementor-top-section elementor-element elementor-element-35f840b elementor-section-boxed elementor-section-height-default elementor-section-height-default\" data-eae-slider=\"43760\" data-id=\"35f840b\" data-element_type=\"section\" data-e-type=\"section\">\n\t\t\t\t\t\t<div class=\"elementor-container elementor-column-gap-default\">\n\t\t\t\t\t<div class=\"has_eae_slider elementor-column elementor-col-100 elementor-top-column elementor-element elementor-element-d0ca615\" data-eae-slider=\"87312\" data-id=\"d0ca615\" data-element_type=\"column\" data-e-type=\"column\">\n\t\t\t<div class=\"elementor-widget-wrap elementor-element-populated\">\n\t\t\t\t\t\t<div class=\"elementor-element elementor-element-2e51160 elementor-widget elementor-widget-text-editor\" data-id=\"2e51160\" data-element_type=\"widget\" data-e-type=\"widget\" data-widget_type=\"text-editor.default\">\n\t\t\t\t<div class=\"elementor-widget-container\">\n\t\t\t\t\t\t\t\t\t<h4><strong>ANTES DE INICIAR<\/strong><\/h4><ul><li><h3><strong>Necesitas esta contrase\u00f1a<em>: <b>OA4mNTD<\/b><\/em>\u00a0<\/strong><\/h3><\/li><li><h3><strong>Al entrar al enlace llegar\u00e1s a la siguiente pantalla, donde anotar\u00e1s tu nombre y secundaria<\/strong><br \/><img decoding=\"async\" class=\"aligncenter wp-image-3198 size-full\" src=\"https:\/\/catei-consultores-educativos.com\/wp-content\/uploads\/2022\/09\/Instrucciones-Diag23-ZipGrade.png\" alt=\"\" width=\"960\" height=\"720\" srcset=\"https:\/\/catei-consultores-educativos.com\/wp-content\/uploads\/2022\/09\/Instrucciones-Diag23-ZipGrade.png 960w, https:\/\/catei-consultores-educativos.com\/wp-content\/uploads\/2022\/09\/Instrucciones-Diag23-ZipGrade-300x225.png 300w, https:\/\/catei-consultores-educativos.com\/wp-content\/uploads\/2022\/09\/Instrucciones-Diag23-ZipGrade-768x576.png 768w, https:\/\/catei-consultores-educativos.com\/wp-content\/uploads\/2022\/09\/Instrucciones-Diag23-ZipGrade-600x450.png 600w\" sizes=\"(max-width: 960px) 100vw, 960px\" \/><\/h3><\/li><li><h3>Anota solo <em>un nombre,<\/em> <em>un apellido<\/em> y el <em>n\u00famero o nombre de tu escuela<\/em><\/h3><\/li><li><h3>Tienes 2 horas para responder 70 preguntas. No podr\u00e1s poner la prueba en pausa, as\u00ed que aseg\u00farate de tener tiempo y \u00e1nimo para resolverla<\/h3><\/li><li><h3>Recordar\u00e1s temas de las materias del inicio de secundaria, y as\u00ed sabr\u00e1s qu\u00e9 necesitas repasar.<\/h3><\/li><li><h3>Pon atenci\u00f3n a tu cansancio y a tu estado de \u00e1nimo, porque este examen no solo te exige conocimientos, sino tambi\u00e9n resistencia al estr\u00e9s.<\/h3><\/li><li><h3>Anota los temas y preguntas que no recuerdas, para armar tu temario de estudio personalizado.<\/h3><\/li><li><h3>Responde con honestidad, nadie gana si haces trampa.<\/h3><\/li><li><h3 style=\"text-align: left;\">Todo esto te ayuda con tus estudios y la preparaci\u00f3n que t\u00fa requieres para el examen COMIPEMS\u00a0<\/h3><\/li><\/ul><h3 style=\"text-align: left;\">\u00a1\u00c1nimo y adelante!<\/h3>\t\t\t\t\t\t\t\t<\/div>\n\t\t\t\t<\/div>\n\t\t\t\t<div class=\"elementor-element elementor-element-dff14f2 eae-pop-btn-align-center eae-pop-btn-type-text elementor-invisible elementor-widget elementor-widget-wts-modal-popup\" data-id=\"dff14f2\" data-element_type=\"widget\" data-e-type=\"widget\" data-settings=\"{&quot;_animation&quot;:&quot;swing&quot;,&quot;_animation_delay&quot;:1500}\" data-widget_type=\"wts-modal-popup.default\">\n\t\t\t\t<div class=\"elementor-widget-container\">\n\t\t\t\t\t\t\t<div class=\"eae-popup-wrapper eae-popup-eae-pupup-item-215154562\" data-id=\"eae-pupup-item-215154562\" data-preview-modal=\"\" data-close-button-type=\"icon\" data-close-btn=\"fas fa-times\" data-close-in-out=\"true\" data-effect=\"\">\n\t\t\t<a class=\"eae-popup-link icon-position-after\"\n\t\t\tdata-id=\"eae-pupup-item-215154562\" data-ctrl-id=\"dff14f2\" href=\"#eae-pupup-item-215154562\">\n\t\t\t\t\t\t\t\t\t\t\t\t\t\t\t<span class=\"eae-popup-btn-text\">\n\t\t\t\t\t\t\tResultados\t\t\t\t\t\t<\/span>\n\t\t\t\t\t\t\t\t\t\t<span class=\"eae-popup-btn-icon\">\n\t\t\t\t\t\t<i aria-hidden=\"true\" class=\"far fa-paper-plane\"><\/i>\t\t\t\t\t<\/span>\n\t\t\t\t\t\t\t\t\t\t\t\t\t\t<\/a>\n\t\t<\/div>\n\n\t\t<div id=\"eae-pupup-item-215154562\" class=\"eae-popup-eae-pupup-item-215154562 mfp-hide eae-popup-container\">\n\t\t\t<input class=\"eae-hidden-post-id\" type=\"hidden\" name=\"eae_hidden_post_id\" data-id=\"eae-pupup-item-215154562\" value=\"0\" \/>\n\t\t\t<div class=\"eae-popup-content\">\n\t\t\t\t\t\t\t\t\t\t<div class=\"eae-modal-title mfp-title\">\n\t\t\t\t\t\t\tResultados\t\t\t\t\t\t<\/div>\n\t\t\t\t\t\t\t\t\t\t<div class=\"eae-modal-content\">\n\t\t\t\t\t\t<p>Escribe un correo electr\u00f3nico, un mensaje en Instagram o por Facebook, o manda un mensaje por WhatsApp.\u00a0<\/p><p>Con gusto te reenviaremos tus resultados por ese mismo medio.<\/p><p>En tu mensaje repite el nombre, apellido y escuela <em>tal como lo escribiste al inicio del examen<\/em>.<\/p><p>\u00a0<\/p>\t\t\t\t\t<\/div>\n\t\t\t\t\t\t\t\t<\/div>\n\t\t<\/div>\n\t\t\t\t\t\t<\/div>\n\t\t\t\t<\/div>\n\t\t\t\t\t<\/div>\n\t\t<\/div>\n\t\t\t\t\t<\/div>\n\t\t<\/section>\n\t\t\t\t<section class=\"has_eae_slider elementor-section elementor-top-section elementor-element elementor-element-d9f6012 elementor-section-boxed elementor-section-height-default elementor-section-height-default\" data-eae-slider=\"71496\" data-id=\"d9f6012\" data-element_type=\"section\" data-e-type=\"section\">\n\t\t\t\t\t\t<div class=\"elementor-container elementor-column-gap-default\">\n\t\t\t\t\t<div class=\"has_eae_slider elementor-column elementor-col-100 elementor-top-column elementor-element elementor-element-096701c\" data-eae-slider=\"43270\" data-id=\"096701c\" data-element_type=\"column\" data-e-type=\"column\">\n\t\t\t<div class=\"elementor-widget-wrap elementor-element-populated\">\n\t\t\t\t\t\t<div class=\"elementor-element elementor-element-b87a90d elementor-shape-rounded elementor-grid-0 e-grid-align-center elementor-invisible elementor-widget elementor-widget-social-icons\" data-id=\"b87a90d\" data-element_type=\"widget\" data-e-type=\"widget\" data-settings=\"{&quot;_animation&quot;:&quot;swing&quot;}\" data-widget_type=\"social-icons.default\">\n\t\t\t\t<div class=\"elementor-widget-container\">\n\t\t\t\t\t\t\t<div class=\"elementor-social-icons-wrapper elementor-grid\" role=\"list\">\n\t\t\t\t\t\t\t<span class=\"elementor-grid-item\" role=\"listitem\">\n\t\t\t\t\t<a class=\"elementor-icon elementor-social-icon elementor-social-icon-instagram elementor-repeater-item-c5dfa5a\" href=\"https:\/\/www.instagram.com\/edu.catei\/\" target=\"_blank\">\n\t\t\t\t\t\t<span class=\"elementor-screen-only\">Instagram<\/span>\n\t\t\t\t\t\t<i aria-hidden=\"true\" class=\"fab fa-instagram\"><\/i>\t\t\t\t\t<\/a>\n\t\t\t\t<\/span>\n\t\t\t\t\t\t\t<span class=\"elementor-grid-item\" role=\"listitem\">\n\t\t\t\t\t<a class=\"elementor-icon elementor-social-icon elementor-social-icon-whatsapp elementor-repeater-item-1de2df6\" href=\"https:\/\/wa.me\/+5215543714293\" target=\"_blank\">\n\t\t\t\t\t\t<span class=\"elementor-screen-only\">Whatsapp<\/span>\n\t\t\t\t\t\t<i aria-hidden=\"true\" class=\"fab fa-whatsapp\"><\/i>\t\t\t\t\t<\/a>\n\t\t\t\t<\/span>\n\t\t\t\t\t\t\t<span class=\"elementor-grid-item\" role=\"listitem\">\n\t\t\t\t\t<a class=\"elementor-icon elementor-social-icon elementor-social-icon-facebook elementor-repeater-item-957581d\" href=\"https:\/\/www.facebook.com\/catei.edu\" target=\"_blank\">\n\t\t\t\t\t\t<span class=\"elementor-screen-only\">Facebook<\/span>\n\t\t\t\t\t\t<i aria-hidden=\"true\" class=\"fab fa-facebook\"><\/i>\t\t\t\t\t<\/a>\n\t\t\t\t<\/span>\n\t\t\t\t\t\t\t<span class=\"elementor-grid-item\" role=\"listitem\">\n\t\t\t\t\t<a class=\"elementor-icon elementor-social-icon elementor-social-icon-map-marked-alt elementor-repeater-item-d3d9eb6\" href=\"https:\/\/goo.gl\/maps\/c9qX7hxH2UCT5DLE6\" target=\"_blank\">\n\t\t\t\t\t\t<span class=\"elementor-screen-only\">Map-marked-alt<\/span>\n\t\t\t\t\t\t<i aria-hidden=\"true\" class=\"fas fa-map-marked-alt\"><\/i>\t\t\t\t\t<\/a>\n\t\t\t\t<\/span>\n\t\t\t\t\t<\/div>\n\t\t\t\t\t\t<\/div>\n\t\t\t\t<\/div>\n\t\t\t\t\t<\/div>\n\t\t<\/div>\n\t\t\t\t\t<\/div>\n\t\t<\/section>\n\t\t\t\t<section class=\"has_eae_slider elementor-section elementor-top-section elementor-element elementor-element-8c0f7ee elementor-section-boxed elementor-section-height-default elementor-section-height-default\" data-eae-slider=\"43800\" data-id=\"8c0f7ee\" data-element_type=\"section\" data-e-type=\"section\">\n\t\t\t\t\t\t<div class=\"elementor-container elementor-column-gap-default\">\n\t\t\t\t\t<div class=\"has_eae_slider elementor-column elementor-col-50 elementor-top-column elementor-element elementor-element-9a9f5e2\" data-eae-slider=\"7557\" data-id=\"9a9f5e2\" data-element_type=\"column\" data-e-type=\"column\">\n\t\t\t<div class=\"elementor-widget-wrap elementor-element-populated\">\n\t\t\t\t\t\t<div class=\"elementor-element elementor-element-a855938 elementor-invisible elementor-widget elementor-widget-eael-creative-button\" data-id=\"a855938\" data-element_type=\"widget\" data-e-type=\"widget\" data-settings=\"{&quot;_animation&quot;:&quot;swing&quot;}\" data-widget_type=\"eael-creative-button.default\">\n\t\t\t\t<div class=\"elementor-widget-container\">\n\t\t\t\t\t        <div class=\"eael-creative-button-wrapper\">\n\n            <a class=\"eael-creative-button eael-creative-button--rayen eael-cb-icon-position-left\" href=\"https:\/\/www.zipgrade.com\/s\/Bsv11Mo\/\" target=\"_blank\" rel=\"nofollow nofollow\" data-text=\"Iniciar el examen\">\n            \t    \n                <div class=\"creative-button-inner\">\n\n                                            <span class=\"eael-creative-button-icon-left\"><i aria-hidden=\"true\" class=\"far fa-arrow-alt-circle-right\"><\/i><\/span>                    \n                    <span class=\"cretive-button-text\">Alumnos CATEI <\/span>\n\n                                    <\/div>\n\t                        <\/a>\n        <\/div>\n        \t\t\t\t<\/div>\n\t\t\t\t<\/div>\n\t\t\t\t\t<\/div>\n\t\t<\/div>\n\t\t\t\t<div class=\"has_eae_slider elementor-column elementor-col-50 elementor-top-column elementor-element elementor-element-11810d8\" data-eae-slider=\"40968\" data-id=\"11810d8\" data-element_type=\"column\" data-e-type=\"column\">\n\t\t\t<div class=\"elementor-widget-wrap elementor-element-populated\">\n\t\t\t\t\t\t<div class=\"elementor-element elementor-element-cad0d0e elementor-invisible elementor-widget elementor-widget-eael-creative-button\" data-id=\"cad0d0e\" data-element_type=\"widget\" data-e-type=\"widget\" data-settings=\"{&quot;_animation&quot;:&quot;swing&quot;}\" data-widget_type=\"eael-creative-button.default\">\n\t\t\t\t<div class=\"elementor-widget-container\">\n\t\t\t\t\t        <div class=\"eael-creative-button-wrapper\">\n\n            <a class=\"eael-creative-button eael-creative-button--rayen eael-cb-icon-position-left\" href=\"https:\/\/www.zipgrade.com\/s\/Bsv11Mo\/\" target=\"_blank\" data-text=\"Iniciar el examen\">\n            \t    \n                <div class=\"creative-button-inner\">\n\n                                            <span class=\"eael-creative-button-icon-left\"><i aria-hidden=\"true\" class=\"far fa-arrow-alt-circle-right\"><\/i><\/span>                    \n                    <span class=\"cretive-button-text\">Invitados CATEI<\/span>\n\n                                    <\/div>\n\t                        <\/a>\n        <\/div>\n        \t\t\t\t<\/div>\n\t\t\t\t<\/div>\n\t\t\t\t\t<\/div>\n\t\t<\/div>\n\t\t\t\t\t<\/div>\n\t\t<\/section>\n\t\t\t\t<section class=\"has_eae_slider elementor-section elementor-top-section elementor-element elementor-element-e61eb46 elementor-section-boxed elementor-section-height-default elementor-section-height-default\" data-eae-slider=\"92439\" data-id=\"e61eb46\" data-element_type=\"section\" data-e-type=\"section\">\n\t\t\t\t\t\t<div class=\"elementor-container elementor-column-gap-default\">\n\t\t\t\t\t<div class=\"has_eae_slider elementor-column elementor-col-100 elementor-top-column elementor-element elementor-element-3e98912\" data-eae-slider=\"47289\" data-id=\"3e98912\" data-element_type=\"column\" data-e-type=\"column\">\n\t\t\t<div class=\"elementor-widget-wrap elementor-element-populated\">\n\t\t\t\t\t\t<div class=\"elementor-element elementor-element-28151e8 elementor-widget elementor-widget-text-editor\" data-id=\"28151e8\" data-element_type=\"widget\" data-e-type=\"widget\" data-widget_type=\"text-editor.default\">\n\t\t\t\t<div class=\"elementor-widget-container\">\n\t\t\t\t\t\t\t\t\t<h2 style=\"text-align: center;\">\u00a1\u00c9xito!<\/h2>\t\t\t\t\t\t\t\t<\/div>\n\t\t\t\t<\/div>\n\t\t\t\t<div class=\"elementor-element elementor-element-8c57f8f elementor-widget elementor-widget-video\" data-id=\"8c57f8f\" data-element_type=\"widget\" data-e-type=\"widget\" data-settings=\"{&quot;video_type&quot;:&quot;hosted&quot;,&quot;autoplay&quot;:&quot;yes&quot;}\" data-widget_type=\"video.default\">\n\t\t\t\t<div class=\"elementor-widget-container\">\n\t\t\t\t\t\t\t<div class=\"e-hosted-video elementor-wrapper elementor-open-inline\">\n\t\t\t\t\t<video class=\"elementor-video\" src=\"https:\/\/catei-consultores-educativos.com\/wp-content\/uploads\/2021\/01\/Slogan-Sol-y-Nave-animado.mp4\" autoplay=\"\" controlsList=\"nodownload\"><\/video>\n\t\t\t\t<\/div>\n\t\t\t\t\t\t<\/div>\n\t\t\t\t<\/div>\n\t\t\t\t\t<\/div>\n\t\t<\/div>\n\t\t\t\t\t<\/div>\n\t\t<\/section>\n\t\t\t\t<section class=\"has_eae_slider elementor-section elementor-top-section elementor-element elementor-element-f990bd8 elementor-section-boxed elementor-section-height-default elementor-section-height-default\" data-eae-slider=\"48000\" data-id=\"f990bd8\" data-element_type=\"section\" data-e-type=\"section\">\n\t\t\t\t\t\t<div class=\"elementor-container elementor-column-gap-default\">\n\t\t\t\t\t<div class=\"has_eae_slider elementor-column elementor-col-100 elementor-top-column elementor-element elementor-element-bd92cff\" data-eae-slider=\"61988\" data-id=\"bd92cff\" data-element_type=\"column\" data-e-type=\"column\">\n\t\t\t<div class=\"elementor-widget-wrap elementor-element-populated\">\n\t\t\t\t\t\t<div class=\"elementor-element elementor-element-40f5bf8 elementor-invisible elementor-widget elementor-widget-text-editor\" data-id=\"40f5bf8\" data-element_type=\"widget\" data-e-type=\"widget\" data-settings=\"{&quot;_animation&quot;:&quot;fadeInUp&quot;}\" data-widget_type=\"text-editor.default\">\n\t\t\t\t<div class=\"elementor-widget-container\">\n\t\t\t\t\t\t\t\t\t<p>\u00a1<span style=\"text-decoration: underline;\"><a href=\"https:\/\/catei-consultores-educativos.com\/?page_id=14\" target=\"_blank\" rel=\"noopener\">Cont\u00e1ctanos<\/a><\/span>! Conoce\u00a0<span style=\"text-decoration: underline;\"><a href=\"https:\/\/catei-consultores-educativos.com\/?page_id=80\" target=\"_blank\" rel=\"noopener\">nuestros servicios<\/a><\/span>\u00a0y averigua todo lo que podemos hacer por ti<\/p>\t\t\t\t\t\t\t\t<\/div>\n\t\t\t\t<\/div>\n\t\t\t\t\t<\/div>\n\t\t<\/div>\n\t\t\t\t\t<\/div>\n\t\t<\/section>\n\t\t\t\t<\/div>\n\t\t","protected":false},"excerpt":{"rendered":"<p>Examen Diagn\u00f3stico Todas las preguntas que vienen aqu\u00ed son de temas que corresponden a 1\u00b0 y 2\u00b0 de secundaria. El Examen Diagn\u00f3stico consta de 7 materias, 70 preguntas y se responde en 2 horas m\u00e1ximo. Esta prueba es m\u00e1s corta que el examen de asignaci\u00f3n COMIPEMS (128 preguntas, 3 horas m\u00e1ximo), porque este Examen Diagn\u00f3stico [&hellip;]<\/p>\n","protected":false},"author":2,"featured_media":0,"parent":100,"menu_order":0,"comment_status":"closed","ping_status":"closed","template":"","meta":{"zakra_page_container_layout":"customizer","zakra_page_sidebar_layout":"customizer","zakra_remove_content_margin":false,"zakra_sidebar":"customizer","zakra_transparent_header":"customizer","zakra_logo":0,"zakra_main_header_style":"default","zakra_menu_item_color":"","zakra_menu_item_hover_color":"","zakra_menu_item_active_color":"","zakra_menu_active_style":"","zakra_page_header":true,"footnotes":""},"class_list":["post-612","page","type-page","status-publish","hentry"],"_links":{"self":[{"href":"https:\/\/catei-consultores-educativos.com\/index.php?rest_route=\/wp\/v2\/pages\/612","targetHints":{"allow":["GET"]}}],"collection":[{"href":"https:\/\/catei-consultores-educativos.com\/index.php?rest_route=\/wp\/v2\/pages"}],"about":[{"href":"https:\/\/catei-consultores-educativos.com\/index.php?rest_route=\/wp\/v2\/types\/page"}],"author":[{"embeddable":true,"href":"https:\/\/catei-consultores-educativos.com\/index.php?rest_route=\/wp\/v2\/users\/2"}],"replies":[{"embeddable":true,"href":"https:\/\/catei-consultores-educativos.com\/index.php?rest_route=%2Fwp%2Fv2%2Fcomments&post=612"}],"version-history":[{"count":140,"href":"https:\/\/catei-consultores-educativos.com\/index.php?rest_route=\/wp\/v2\/pages\/612\/revisions"}],"predecessor-version":[{"id":3634,"href":"https:\/\/catei-consultores-educativos.com\/index.php?rest_route=\/wp\/v2\/pages\/612\/revisions\/3634"}],"up":[{"embeddable":true,"href":"https:\/\/catei-consultores-educativos.com\/index.php?rest_route=\/wp\/v2\/pages\/100"}],"wp:attachment":[{"href":"https:\/\/catei-consultores-educativos.com\/index.php?rest_route=%2Fwp%2Fv2%2Fmedia&parent=612"}],"curies":[{"name":"wp","href":"https:\/\/api.w.org\/{rel}","templated":true}]}}