{"id":439,"date":"2020-08-21T12:27:09","date_gmt":"2020-08-21T17:27:09","guid":{"rendered":"http:\/\/catei-consultores-educativos.com\/?post_type=product&#038;p=439"},"modified":"2022-02-19T12:23:51","modified_gmt":"2022-02-19T18:23:51","slug":"formato-tecnologico","status":"publish","type":"product","link":"https:\/\/catei-consultores-educativos.com\/?product=formato-tecnologico","title":{"rendered":"Formato tecnol\u00f3gico"},"content":{"rendered":"<p>Podemos apoyar a\u00a0<strong>optimizar la comunicaci\u00f3n<\/strong>\u00a0en tus clases, al\u00a0<strong>convertir archivos<\/strong>\u00a0y presentaciones y\u00a0<strong>compartirlos<\/strong>\u00a0en los formatos m\u00e1s convenientes para que la mayor\u00eda en la clase tenga acceso a ellos.<\/p>\n","protected":false},"excerpt":{"rendered":"<ul>\n<li>Conversi\u00f3n del formato de tus archivos<\/li>\n<li>Digitalizaci\u00f3n de fotograf\u00edas a im\u00e1genes y texto<\/li>\n<li>Distribuci\u00f3n de archivos en grupos de Facebook y WhatsApp<\/li>\n<li>Resoluci\u00f3n de problemas en la descarga de archivos<\/li>\n<\/ul>\n","protected":false},"featured_media":450,"comment_status":"open","ping_status":"closed","template":"","meta":{"zakra_page_container_layout":"customizer","zakra_page_sidebar_layout":"customizer","zakra_remove_content_margin":false,"zakra_sidebar":"customizer","zakra_transparent_header":"customizer","zakra_logo":0,"zakra_main_header_style":"default","zakra_menu_item_color":"","zakra_menu_item_hover_color":"","zakra_menu_item_active_color":"","zakra_menu_active_style":"","zakra_page_header":true},"product_brand":[],"product_cat":[31],"product_tag":[],"class_list":{"0":"post-439","1":"product","2":"type-product","3":"status-publish","4":"has-post-thumbnail","6":"product_cat-docentes","8":"first","9":"instock","10":"shipping-taxable","11":"purchasable","12":"product-type-simple"},"_links":{"self":[{"href":"https:\/\/catei-consultores-educativos.com\/index.php?rest_route=\/wp\/v2\/product\/439","targetHints":{"allow":["GET"]}}],"collection":[{"href":"https:\/\/catei-consultores-educativos.com\/index.php?rest_route=\/wp\/v2\/product"}],"about":[{"href":"https:\/\/catei-consultores-educativos.com\/index.php?rest_route=\/wp\/v2\/types\/product"}],"replies":[{"embeddable":true,"href":"https:\/\/catei-consultores-educativos.com\/index.php?rest_route=%2Fwp%2Fv2%2Fcomments&post=439"}],"wp:featuredmedia":[{"embeddable":true,"href":"https:\/\/catei-consultores-educativos.com\/index.php?rest_route=\/wp\/v2\/media\/450"}],"wp:attachment":[{"href":"https:\/\/catei-consultores-educativos.com\/index.php?rest_route=%2Fwp%2Fv2%2Fmedia&parent=439"}],"wp:term":[{"taxonomy":"product_brand","embeddable":true,"href":"https:\/\/catei-consultores-educativos.com\/index.php?rest_route=%2Fwp%2Fv2%2Fproduct_brand&post=439"},{"taxonomy":"product_cat","embeddable":true,"href":"https:\/\/catei-consultores-educativos.com\/index.php?rest_route=%2Fwp%2Fv2%2Fproduct_cat&post=439"},{"taxonomy":"product_tag","embeddable":true,"href":"https:\/\/catei-consultores-educativos.com\/index.php?rest_route=%2Fwp%2Fv2%2Fproduct_tag&post=439"}],"curies":[{"name":"wp","href":"https:\/\/api.w.org\/{rel}","templated":true}]}}